{"id":2501,"date":"2024-03-29T04:07:11","date_gmt":"2024-03-29T01:07:11","guid":{"rendered":"https:\/\/tr.biotechslabs.com\/?page_id=2501"},"modified":"2024-03-30T14:51:45","modified_gmt":"2024-03-30T11:51:45","slug":"ilac-laboratuvar-analizleri","status":"publish","type":"page","link":"https:\/\/tr.biotechslabs.com\/?page_id=2501","title":{"rendered":"\u0130la\u00e7 Analizleri"},"content":{"rendered":"\t\t<div data-elementor-type=\"wp-page\" data-elementor-id=\"2501\" class=\"elementor elementor-2501\" data-elementor-post-type=\"page\">\n\t\t\t\t\t\t<section class=\"elementor-section elementor-top-section elementor-element elementor-element-cc3aa73 elementor-section-boxed elementor-section-height-default elementor-section-height-default\" data-id=\"cc3aa73\" data-element_type=\"section\">\r\n\t\t\r\n\t\t\t\t\t\t\t<div class=\"elementor-container elementor-column-gap-custom\">\r\n\t\t\t\t\t\t\t\t\t\t\t<div class=\"elementor-column elementor-col-50 elementor-top-column elementor-element elementor-element-c0a41b0\" data-id=\"c0a41b0\" data-element_type=\"column\">\r\n\t\t\t\t\t<div class=\"elementor-widget-wrap elementor-element-populated\">\r\n\t\t\t\t\t\t\t\t<div class=\"elementor-element elementor-element-baa6a72 mb-4 elementor-widget elementor-widget-heading\" data-id=\"baa6a72\" data-element_type=\"widget\" data-widget_type=\"heading.default\">\n\t\t\t\t<div class=\"elementor-widget-container\">\n\t\t\t<style>\/*! elementor - v3.21.0 - 25-04-2024 *\/\n.elementor-heading-title{padding:0;margin:0;line-height:1}.elementor-widget-heading .elementor-heading-title[class*=elementor-size-]>a{color:inherit;font-size:inherit;line-height:inherit}.elementor-widget-heading .elementor-heading-title.elementor-size-small{font-size:15px}.elementor-widget-heading .elementor-heading-title.elementor-size-medium{font-size:19px}.elementor-widget-heading .elementor-heading-title.elementor-size-large{font-size:29px}.elementor-widget-heading .elementor-heading-title.elementor-size-xl{font-size:39px}.elementor-widget-heading .elementor-heading-title.elementor-size-xxl{font-size:59px}<\/style><h4 class=\"elementor-heading-title elementor-size-default\"> <b>Biotech Analiz Laboratuvarlar\u0131<\/b><br>ila\u00e7 analizleri olarak<\/h4>\t\t<\/div>\n\t\t\t\t<\/div>\n\t\t\t\t<div class=\"elementor-element elementor-element-754e57f anim-text mb-0 elementor-widget elementor-widget-heading\" data-id=\"754e57f\" data-element_type=\"widget\" data-widget_type=\"heading.default\">\n\t\t\t\t<div class=\"elementor-widget-container\">\n\t\t\t<p class=\"elementor-heading-title elementor-size-default\">farmakopelere (USP, EP, JP, BP) ve ICH k\u0131lavuzlar\u0131na uygun olarak, GLP standartlar\u0131nda, uzman ekibimizle birlikte ila\u00e7 analizlerine ba\u015flad\u0131k. Laboratuvar\u0131m\u0131zda 18 farkl\u0131 nitrozamin analizini ayn\u0131 anda ger\u00e7ekle\u015ftirebilmek \u00fczere y\u00f6ntem do\u011frulamalar\u0131 yap\u0131lm\u0131\u015f olup ayr\u0131ca a\u015fa\u011f\u0131da belirtilen geni\u015f analiz portf\u00f6y\u00fcm\u00fczle hizmetinizdeyiz:<\/p>\t\t<\/div>\n\t\t\t\t<\/div>\n\t\t\t\t<div class=\"elementor-element elementor-element-b16b376 elementor-widget elementor-widget-heading\" data-id=\"b16b376\" data-element_type=\"widget\" data-widget_type=\"heading.default\">\n\t\t\t\t<div class=\"elementor-widget-container\">\n\t\t\t<p class=\"elementor-heading-title elementor-size-default\">Etkin ve Yard\u0131mc\u0131 Maddeler\n\u0130la\u00e7 \u00dcr\u00fcnleri\nAmbalaj Analizleri\nMetot Geli\u015ftirme ve Validasyonlar\u0131\nProses Validasyonlar\u0131 i\u00e7in Analitik Destekler\nTemizlik Validasyonlar\u0131 i\u00e7in Analitik Destekler\nStabilite \u00c7al\u0131\u015fmas\u0131 i\u00e7in Analitik Destekler\nGe\u00e7erlilik \u00c7al\u0131\u015fmalar\u0131\nStres \u00c7al\u0131\u015fmalar\u0131\nSu Analizleri\nKoruyucu Etkinlik Testleri\nNon Steril \u00dcr\u00fcnlerin Mikrobiyal Analizleri\n\n<br>\nM\u00fc\u015fterilerimize en do\u011fru ve g\u00fcvenilir sonu\u00e7lar\u0131 sunmak i\u00e7in titizlikle \u00e7al\u0131\u015f\u0131yoruz ve ila\u00e7 end\u00fcstrisinin ihtiya\u00e7lar\u0131na uygun \u00e7\u00f6z\u00fcmler \u00fcretiyoruz.<\/p>\t\t<\/div>\n\t\t\t\t<\/div>\n\t\t\t\t\t<\/div>\r\n\t\t\t\t<\/div>\r\n\t\t\t\t<div class=\"elementor-column elementor-col-50 elementor-top-column elementor-element elementor-element-048a644\" data-id=\"048a644\" data-element_type=\"column\">\r\n\t\t\t\t\t<div class=\"elementor-widget-wrap elementor-element-populated\">\r\n\t\t\t\t\t\t\t\t<div class=\"elementor-element elementor-element-367c2bc elementor-widget elementor-widget-image\" data-id=\"367c2bc\" data-element_type=\"widget\" data-widget_type=\"image.default\">\n\t\t\t\t<div class=\"elementor-widget-container\">\n\t\t\t<style>\/*! elementor - v3.21.0 - 25-04-2024 *\/\n.elementor-widget-image{text-align:center}.elementor-widget-image a{display:inline-block}.elementor-widget-image a img[src$=\".svg\"]{width:48px}.elementor-widget-image img{vertical-align:middle;display:inline-block}<\/style>\t\t\t\t\t\t\t\t\t\t<img fetchpriority=\"high\" decoding=\"async\" width=\"1024\" height=\"614\" src=\"https:\/\/tr.biotechslabs.com\/wp-content\/uploads\/2024\/03\/ilc-1024x614.jpg\" class=\"attachment-large size-large wp-image-2554\" alt=\"\" srcset=\"https:\/\/tr.biotechslabs.com\/wp-content\/uploads\/2024\/03\/ilc-1024x614.jpg 1024w, https:\/\/tr.biotechslabs.com\/wp-content\/uploads\/2024\/03\/ilc-768x461.jpg 768w, https:\/\/tr.biotechslabs.com\/wp-content\/uploads\/2024\/03\/ilc-640x384.jpg 640w, https:\/\/tr.biotechslabs.com\/wp-content\/uploads\/2024\/03\/ilc-400x240.jpg 400w, https:\/\/tr.biotechslabs.com\/wp-content\/uploads\/2024\/03\/ilc-367x220.jpg 367w\" sizes=\"(max-width: 1024px) 100vw, 1024px\" \/>\t\t\t\t\t\t\t\t\t\t\t\t\t<\/div>\n\t\t\t\t<\/div>\n\t\t\t\t\t<\/div>\r\n\t\t\t\t<\/div>\r\n\t\t\t\t\t<\/div>\r\n\t\t\t\t<\/section>\r\n\t\t\t\t<section class=\"elementor-section elementor-top-section elementor-element elementor-element-430309c elementor-hidden-desktop elementor-hidden-tablet elementor-hidden-mobile elementor-section-boxed elementor-section-height-default elementor-section-height-default\" data-id=\"430309c\" data-element_type=\"section\" data-settings=\"{&quot;background_background&quot;:&quot;classic&quot;}\">\r\n\t\t\r\n\t\t\t\t\t\t\t<div class=\"elementor-container elementor-column-gap-custom\">\r\n\t\t\t\t\t\t\t\t\t\t\t<div class=\"elementor-column elementor-col-50 elementor-top-column elementor-element elementor-element-bb6459f blog-wrapper\" data-id=\"bb6459f\" data-element_type=\"column\">\r\n\t\t\t\t\t<div class=\"elementor-widget-wrap elementor-element-populated\">\r\n\t\t\t\t\t\t\t\t<div class=\"elementor-element elementor-element-e3a7863 with-custom-underline mb-0 elementor-widget elementor-widget-heading\" data-id=\"e3a7863\" data-element_type=\"widget\" data-widget_type=\"heading.default\">\n\t\t\t\t<div class=\"elementor-widget-container\">\n\t\t\t<h2 class=\"elementor-heading-title elementor-size-default\">Latest News<\/h2>\t\t<\/div>\n\t\t\t\t<\/div>\n\t\t\t\t\t<\/div>\r\n\t\t\t\t<\/div>\r\n\t\t\t\t<div class=\"elementor-column elementor-col-50 elementor-top-column elementor-element elementor-element-521cfe1\" data-id=\"521cfe1\" data-element_type=\"column\">\r\n\t\t\t\t\t<div class=\"elementor-widget-wrap elementor-element-populated\">\r\n\t\t\t\t\t\t\t\t<div class=\"elementor-element elementor-element-bfaea6a with-custom-underline mb-0 elementor-widget elementor-widget-heading\" data-id=\"bfaea6a\" data-element_type=\"widget\" data-widget_type=\"heading.default\">\n\t\t\t\t<div class=\"elementor-widget-container\">\n\t\t\t<h2 class=\"elementor-heading-title elementor-size-default\">FAQ's<\/h2>\t\t<\/div>\n\t\t\t\t<\/div>\n\t\t\t\t<div class=\"elementor-element elementor-element-3094ab9 mt-5 elementor-widget elementor-widget-heading\" data-id=\"3094ab9\" data-element_type=\"widget\" data-widget_type=\"heading.default\">\n\t\t\t\t<div class=\"elementor-widget-container\">\n\t\t\t<p class=\"elementor-heading-title elementor-size-default\"><a href=\"#\">Read More<\/a><\/p>\t\t<\/div>\n\t\t\t\t<\/div>\n\t\t\t\t\t<\/div>\r\n\t\t\t\t<\/div>\r\n\t\t\t\t\t<\/div>\r\n\t\t\t\t<\/section>\r\n\t\t\t\t<\/div>\n\t\t","protected":false},"excerpt":{"rendered":"<p>Biotech Analiz Laboratuvarlar\u0131ila\u00e7 analizleri olarak farmakopelere (USP, EP, JP, BP) ve ICH k\u0131lavuzlar\u0131na uygun olarak, GLP standartlar\u0131nda, uzman ekibimizle birlikte ila\u00e7 analizlerine ba\u015flad\u0131k. Laboratuvar\u0131m\u0131zda 18 farkl\u0131 nitrozamin analizini ayn\u0131 anda ger\u00e7ekle\u015ftirebilmek \u00fczere y\u00f6ntem do\u011frulamalar\u0131 yap\u0131lm\u0131\u015f olup ayr\u0131ca a\u015fa\u011f\u0131da belirtilen geni\u015f analiz portf\u00f6y\u00fcm\u00fczle hizmetinizdeyiz: Etkin ve Yard\u0131mc\u0131 Maddeler \u0130la\u00e7 \u00dcr\u00fcnleri Ambalaj Analizleri Metot Geli\u015ftirme ve Validasyonlar\u0131 [&hellip;]<\/p>\n","protected":false},"author":1,"featured_media":0,"parent":0,"menu_order":0,"comment_status":"closed","ping_status":"closed","template":"","meta":{"_joinchat":[],"footnotes":""},"class_list":["post-2501","page","type-page","status-publish","hentry"],"yoast_head":"<!-- This site is optimized with the Yoast SEO Premium plugin v22.0 (Yoast SEO v24.6) - https:\/\/yoast.com\/wordpress\/plugins\/seo\/ -->\n<title>\u0130la\u00e7 Analizleri - Biotech<\/title>\n<meta name=\"description\" content=\"\u0130la\u00e7 Analizleri - Biotech\" \/>\n<meta name=\"robots\" content=\"noindex, follow\" \/>\n<script type=\"application\/ld+json\" class=\"yoast-schema-graph\">{\"@context\":\"https:\/\/schema.org\",\"@graph\":[{\"@type\":\"WebPage\",\"@id\":\"https:\/\/tr.biotechslabs.com\/?page_id=2501\",\"url\":\"https:\/\/tr.biotechslabs.com\/?page_id=2501\",\"name\":\"\u0130la\u00e7 Analizleri - Biotech\",\"isPartOf\":{\"@id\":\"https:\/\/tr.biotechslabs.com\/#website\"},\"primaryImageOfPage\":{\"@id\":\"https:\/\/tr.biotechslabs.com\/?page_id=2501#primaryimage\"},\"image\":{\"@id\":\"https:\/\/tr.biotechslabs.com\/?page_id=2501#primaryimage\"},\"thumbnailUrl\":\"https:\/\/tr.biotechslabs.com\/wp-content\/uploads\/2024\/03\/ilc-1024x614.jpg\",\"datePublished\":\"2024-03-29T01:07:11+00:00\",\"dateModified\":\"2024-03-30T11:51:45+00:00\",\"description\":\"\u0130la\u00e7 Analizleri - Biotech\",\"breadcrumb\":{\"@id\":\"https:\/\/tr.biotechslabs.com\/?page_id=2501#breadcrumb\"},\"inLanguage\":\"tr\",\"potentialAction\":[{\"@type\":\"ReadAction\",\"target\":[\"https:\/\/tr.biotechslabs.com\/?page_id=2501\"]}]},{\"@type\":\"ImageObject\",\"inLanguage\":\"tr\",\"@id\":\"https:\/\/tr.biotechslabs.com\/?page_id=2501#primaryimage\",\"url\":\"https:\/\/tr.biotechslabs.com\/wp-content\/uploads\/2024\/03\/ilc.jpg\",\"contentUrl\":\"https:\/\/tr.biotechslabs.com\/wp-content\/uploads\/2024\/03\/ilc.jpg\",\"width\":1280,\"height\":768},{\"@type\":\"BreadcrumbList\",\"@id\":\"https:\/\/tr.biotechslabs.com\/?page_id=2501#breadcrumb\",\"itemListElement\":[{\"@type\":\"ListItem\",\"position\":1,\"name\":\"Anasayfa\",\"item\":\"https:\/\/tr.biotechslabs.com\/\"},{\"@type\":\"ListItem\",\"position\":2,\"name\":\"\u0130la\u00e7 Analizleri\"}]},{\"@type\":\"WebSite\",\"@id\":\"https:\/\/tr.biotechslabs.com\/#website\",\"url\":\"https:\/\/tr.biotechslabs.com\/\",\"name\":\"Biotech\",\"description\":\"Analiz Laboratuvarlar\u0131\",\"publisher\":{\"@id\":\"https:\/\/tr.biotechslabs.com\/#organization\"},\"potentialAction\":[{\"@type\":\"SearchAction\",\"target\":{\"@type\":\"EntryPoint\",\"urlTemplate\":\"https:\/\/tr.biotechslabs.com\/?s={search_term_string}\"},\"query-input\":{\"@type\":\"PropertyValueSpecification\",\"valueRequired\":true,\"valueName\":\"search_term_string\"}}],\"inLanguage\":\"tr\"},{\"@type\":[\"Organization\",\"Place\",\"DiagnosticLab\"],\"@id\":\"https:\/\/tr.biotechslabs.com\/#organization\",\"name\":\"Biotech Analiz Laboratuvarlar\u0131\",\"alternateName\":\"Biotech\",\"url\":\"https:\/\/tr.biotechslabs.com\/\",\"logo\":{\"@id\":\"https:\/\/tr.biotechslabs.com\/?page_id=2501#local-main-organization-logo\"},\"image\":{\"@id\":\"https:\/\/tr.biotechslabs.com\/?page_id=2501#local-main-organization-logo\"},\"sameAs\":[\"https:\/\/x.com\/biotechslabs\",\"https:\/\/www.linkedin.com\/company\/biotechslabs\"],\"description\":\"Biotech Analiz Laboratuvarlar\u0131 G\u0131da Analizleri \u00c7evre Analizleri \u0130la\u00e7 Analizleri Tekstil Analizleri Kozmetik Analizleri\",\"legalName\":\"Biotech Analiz Laboratuvarlar\u0131\",\"foundingDate\":\"2023-01-01\",\"numberOfEmployees\":{\"@type\":\"QuantitativeValue\",\"minValue\":\"11\",\"maxValue\":\"50\"},\"address\":{\"@id\":\"https:\/\/tr.biotechslabs.com\/?page_id=2501#local-main-place-address\"},\"geo\":{\"@type\":\"GeoCoordinates\",\"latitude\":\"52.5264222\",\"longitude\":\"13.3498682\"},\"telephone\":[\"+902124380977\"],\"contactPoint\":{\"@type\":\"ContactPoint\",\"telephone\":\"+902124380977\"},\"openingHoursSpecification\":[{\"@type\":\"OpeningHoursSpecification\",\"dayOfWeek\":[\"Monday\",\"Tuesday\",\"Wednesday\",\"Thursday\",\"Friday\"],\"opens\":\"08:00\",\"closes\":\"18:00\"},{\"@type\":\"OpeningHoursSpecification\",\"dayOfWeek\":[\"Saturday\",\"Sunday\"],\"opens\":\"00:00\",\"closes\":\"00:00\"}],\"email\":\"info@biotechslabs.com\"},{\"@type\":\"PostalAddress\",\"@id\":\"https:\/\/tr.biotechslabs.com\/?page_id=2501#local-main-place-address\",\"streetAddress\":\"Turmstra\u00dfe 14\",\"addressLocality\":\"Berlin\",\"postalCode\":\"10559\",\"addressCountry\":\"DE\"},{\"@type\":\"ImageObject\",\"inLanguage\":\"tr\",\"@id\":\"https:\/\/tr.biotechslabs.com\/?page_id=2501#local-main-organization-logo\",\"url\":\"https:\/\/tr.biotechslabs.com\/wp-content\/uploads\/2024\/02\/biopng.png\",\"contentUrl\":\"https:\/\/tr.biotechslabs.com\/wp-content\/uploads\/2024\/02\/biopng.png\",\"width\":2344,\"height\":2052,\"caption\":\"Biotech Analiz Laboratuvarlar\u0131\"}]}<\/script>\n<meta name=\"geo.placename\" content=\"Berlin\" \/>\n<meta name=\"geo.position\" content=\"52.5264222;13.3498682\" \/>\n<meta name=\"geo.region\" content=\"Almanya\" \/>\n<!-- \/ Yoast SEO Premium plugin. -->","yoast_head_json":{"title":"\u0130la\u00e7 Analizleri - Biotech","description":"\u0130la\u00e7 Analizleri - Biotech","robots":{"index":"noindex","follow":"follow"},"schema":{"@context":"https:\/\/schema.org","@graph":[{"@type":"WebPage","@id":"https:\/\/tr.biotechslabs.com\/?page_id=2501","url":"https:\/\/tr.biotechslabs.com\/?page_id=2501","name":"\u0130la\u00e7 Analizleri - Biotech","isPartOf":{"@id":"https:\/\/tr.biotechslabs.com\/#website"},"primaryImageOfPage":{"@id":"https:\/\/tr.biotechslabs.com\/?page_id=2501#primaryimage"},"image":{"@id":"https:\/\/tr.biotechslabs.com\/?page_id=2501#primaryimage"},"thumbnailUrl":"https:\/\/tr.biotechslabs.com\/wp-content\/uploads\/2024\/03\/ilc-1024x614.jpg","datePublished":"2024-03-29T01:07:11+00:00","dateModified":"2024-03-30T11:51:45+00:00","description":"\u0130la\u00e7 Analizleri - Biotech","breadcrumb":{"@id":"https:\/\/tr.biotechslabs.com\/?page_id=2501#breadcrumb"},"inLanguage":"tr","potentialAction":[{"@type":"ReadAction","target":["https:\/\/tr.biotechslabs.com\/?page_id=2501"]}]},{"@type":"ImageObject","inLanguage":"tr","@id":"https:\/\/tr.biotechslabs.com\/?page_id=2501#primaryimage","url":"https:\/\/tr.biotechslabs.com\/wp-content\/uploads\/2024\/03\/ilc.jpg","contentUrl":"https:\/\/tr.biotechslabs.com\/wp-content\/uploads\/2024\/03\/ilc.jpg","width":1280,"height":768},{"@type":"BreadcrumbList","@id":"https:\/\/tr.biotechslabs.com\/?page_id=2501#breadcrumb","itemListElement":[{"@type":"ListItem","position":1,"name":"Anasayfa","item":"https:\/\/tr.biotechslabs.com\/"},{"@type":"ListItem","position":2,"name":"\u0130la\u00e7 Analizleri"}]},{"@type":"WebSite","@id":"https:\/\/tr.biotechslabs.com\/#website","url":"https:\/\/tr.biotechslabs.com\/","name":"Biotech","description":"Analiz Laboratuvarlar\u0131","publisher":{"@id":"https:\/\/tr.biotechslabs.com\/#organization"},"potentialAction":[{"@type":"SearchAction","target":{"@type":"EntryPoint","urlTemplate":"https:\/\/tr.biotechslabs.com\/?s={search_term_string}"},"query-input":{"@type":"PropertyValueSpecification","valueRequired":true,"valueName":"search_term_string"}}],"inLanguage":"tr"},{"@type":["Organization","Place","DiagnosticLab"],"@id":"https:\/\/tr.biotechslabs.com\/#organization","name":"Biotech Analiz Laboratuvarlar\u0131","alternateName":"Biotech","url":"https:\/\/tr.biotechslabs.com\/","logo":{"@id":"https:\/\/tr.biotechslabs.com\/?page_id=2501#local-main-organization-logo"},"image":{"@id":"https:\/\/tr.biotechslabs.com\/?page_id=2501#local-main-organization-logo"},"sameAs":["https:\/\/x.com\/biotechslabs","https:\/\/www.linkedin.com\/company\/biotechslabs"],"description":"Biotech Analiz Laboratuvarlar\u0131 G\u0131da Analizleri \u00c7evre Analizleri \u0130la\u00e7 Analizleri Tekstil Analizleri Kozmetik Analizleri","legalName":"Biotech Analiz Laboratuvarlar\u0131","foundingDate":"2023-01-01","numberOfEmployees":{"@type":"QuantitativeValue","minValue":"11","maxValue":"50"},"address":{"@id":"https:\/\/tr.biotechslabs.com\/?page_id=2501#local-main-place-address"},"geo":{"@type":"GeoCoordinates","latitude":"52.5264222","longitude":"13.3498682"},"telephone":["+902124380977"],"contactPoint":{"@type":"ContactPoint","telephone":"+902124380977"},"openingHoursSpecification":[{"@type":"OpeningHoursSpecification","dayOfWeek":["Monday","Tuesday","Wednesday","Thursday","Friday"],"opens":"08:00","closes":"18:00"},{"@type":"OpeningHoursSpecification","dayOfWeek":["Saturday","Sunday"],"opens":"00:00","closes":"00:00"}],"email":"info@biotechslabs.com"},{"@type":"PostalAddress","@id":"https:\/\/tr.biotechslabs.com\/?page_id=2501#local-main-place-address","streetAddress":"Turmstra\u00dfe 14","addressLocality":"Berlin","postalCode":"10559","addressCountry":"DE"},{"@type":"ImageObject","inLanguage":"tr","@id":"https:\/\/tr.biotechslabs.com\/?page_id=2501#local-main-organization-logo","url":"https:\/\/tr.biotechslabs.com\/wp-content\/uploads\/2024\/02\/biopng.png","contentUrl":"https:\/\/tr.biotechslabs.com\/wp-content\/uploads\/2024\/02\/biopng.png","width":2344,"height":2052,"caption":"Biotech Analiz Laboratuvarlar\u0131"}]},"geo.placename":"Berlin","geo.position":{"lat":"52.5264222","long":"13.3498682"},"geo.region":"Almanya"},"_links":{"self":[{"href":"https:\/\/tr.biotechslabs.com\/index.php?rest_route=\/wp\/v2\/pages\/2501","targetHints":{"allow":["GET"]}}],"collection":[{"href":"https:\/\/tr.biotechslabs.com\/index.php?rest_route=\/wp\/v2\/pages"}],"about":[{"href":"https:\/\/tr.biotechslabs.com\/index.php?rest_route=\/wp\/v2\/types\/page"}],"author":[{"embeddable":true,"href":"https:\/\/tr.biotechslabs.com\/index.php?rest_route=\/wp\/v2\/users\/1"}],"replies":[{"embeddable":true,"href":"https:\/\/tr.biotechslabs.com\/index.php?rest_route=%2Fwp%2Fv2%2Fcomments&post=2501"}],"version-history":[{"count":5,"href":"https:\/\/tr.biotechslabs.com\/index.php?rest_route=\/wp\/v2\/pages\/2501\/revisions"}],"predecessor-version":[{"id":2607,"href":"https:\/\/tr.biotechslabs.com\/index.php?rest_route=\/wp\/v2\/pages\/2501\/revisions\/2607"}],"wp:attachment":[{"href":"https:\/\/tr.biotechslabs.com\/index.php?rest_route=%2Fwp%2Fv2%2Fmedia&parent=2501"}],"curies":[{"name":"wp","href":"https:\/\/api.w.org\/{rel}","templated":true}]}}