{"id":2591,"date":"2024-03-30T14:32:15","date_gmt":"2024-03-30T11:32:15","guid":{"rendered":"https:\/\/tr.biotechslabs.com\/?page_id=2591"},"modified":"2024-03-30T14:51:40","modified_gmt":"2024-03-30T11:51:40","slug":"kozmetik-laboratuvar-analizleri","status":"publish","type":"page","link":"https:\/\/tr.biotechslabs.com\/?page_id=2591","title":{"rendered":"Kozmetik Analizleri"},"content":{"rendered":"\t\t<div data-elementor-type=\"wp-page\" data-elementor-id=\"2591\" class=\"elementor elementor-2591\" data-elementor-post-type=\"page\">\n\t\t\t\t\t\t<section class=\"elementor-section elementor-top-section elementor-element elementor-element-cc3aa73 elementor-section-boxed elementor-section-height-default elementor-section-height-default\" data-id=\"cc3aa73\" data-element_type=\"section\">\r\n\t\t\r\n\t\t\t\t\t\t\t<div class=\"elementor-container elementor-column-gap-custom\">\r\n\t\t\t\t\t\t\t\t\t\t\t<div class=\"elementor-column elementor-col-50 elementor-top-column elementor-element elementor-element-c0a41b0\" data-id=\"c0a41b0\" data-element_type=\"column\">\r\n\t\t\t\t\t<div class=\"elementor-widget-wrap elementor-element-populated\">\r\n\t\t\t\t\t\t\t\t<div class=\"elementor-element elementor-element-baa6a72 mb-4 elementor-widget elementor-widget-heading\" data-id=\"baa6a72\" data-element_type=\"widget\" data-widget_type=\"heading.default\">\n\t\t\t\t<div class=\"elementor-widget-container\">\n\t\t\t<style>\/*! elementor - v3.21.0 - 25-04-2024 *\/\n.elementor-heading-title{padding:0;margin:0;line-height:1}.elementor-widget-heading .elementor-heading-title[class*=elementor-size-]>a{color:inherit;font-size:inherit;line-height:inherit}.elementor-widget-heading .elementor-heading-title.elementor-size-small{font-size:15px}.elementor-widget-heading .elementor-heading-title.elementor-size-medium{font-size:19px}.elementor-widget-heading .elementor-heading-title.elementor-size-large{font-size:29px}.elementor-widget-heading .elementor-heading-title.elementor-size-xl{font-size:39px}.elementor-widget-heading .elementor-heading-title.elementor-size-xxl{font-size:59px}<\/style><h4 class=\"elementor-heading-title elementor-size-default\"><b>Biotech Analiz Laboratuvarlar\u0131<\/b><br> Kozmetik \u00dcr\u00fcnlerde G\u00fcvenilirlik ve Kalite \u0130\u00e7in Uzman Analiz Hizmetleri<\/h4>\t\t<\/div>\n\t\t\t\t<\/div>\n\t\t\t\t<div class=\"elementor-element elementor-element-754e57f anim-text mb-0 elementor-widget elementor-widget-heading\" data-id=\"754e57f\" data-element_type=\"widget\" data-widget_type=\"heading.default\">\n\t\t\t\t<div class=\"elementor-widget-container\">\n\t\t\t<p class=\"elementor-heading-title elementor-size-default\">Kozmetik ve ki\u015fisel bak\u0131m \u00fcr\u00fcnleri ile hammaddelerinin \u00fcretiminden t\u00fcketimine kadar t\u00fcm a\u015famalarda TS EN ISO\/IEC 17025 Laboratuvar y\u00f6netim esaslar\u0131na ve ulusal, uluslararas\u0131 kabul g\u00f6rm\u00fc\u015f analiz metotlar\u0131na ba\u011fl\u0131 olarak test ve analiz hizmetleri sunuyoruz.\n\nAyr\u0131ca, kozmetik \u00fcr\u00fcnlerin g\u00fcvenlik de\u011ferlendirme dosyalar\u0131n\u0131 haz\u0131rlarken T\u00fcrkiye \u0130la\u00e7 ve T\u0131bbi Cihaz Kurumu'nun \"Kozmetik \u00dcr\u00fcnlerde G\u00fcvenlilik De\u011ferlendirilmesine \u0130li\u015fkin K\u0131lavuzu\" do\u011frultusunda fiziksel\/kimyasal analizler, stabilite testleri, mikrobiyolojik analizler ve Challenge testleri gibi analizleri ger\u00e7ekle\u015ftiriyoruz.\n\nStabilite testleri, kozmetik \u00fcr\u00fcnlerin belirtilen depolama ko\u015fullar\u0131nda minimum dayanma s\u00fcresinin do\u011frulanmas\u0131 ve bu s\u00fcre zarf\u0131nda g\u00fcvenilirli\u011fini koruyabilmesinin belirlenmesi i\u00e7in yap\u0131lmaktad\u0131r.\n\nChallenge testleri ise, kullan\u0131lan koruyucunun mikrobiyolojik kontaminasyonlara kar\u015f\u0131 \u00fcr\u00fcn\u00fc koruyup korumad\u0131\u011f\u0131n\u0131n tespit edilmesi amac\u0131yla ger\u00e7ekle\u015ftirilir.\n\nBu testler T\u00fcrkak akreditasyon kapsam\u0131nda yap\u0131lmaktad\u0131r.<\/p>\t\t<\/div>\n\t\t\t\t<\/div>\n\t\t\t\t\t<\/div>\r\n\t\t\t\t<\/div>\r\n\t\t\t\t<div class=\"elementor-column elementor-col-50 elementor-top-column elementor-element elementor-element-048a644\" data-id=\"048a644\" data-element_type=\"column\">\r\n\t\t\t\t\t<div class=\"elementor-widget-wrap elementor-element-populated\">\r\n\t\t\t\t\t\t\t\t<div class=\"elementor-element elementor-element-367c2bc elementor-widget elementor-widget-image\" data-id=\"367c2bc\" data-element_type=\"widget\" data-widget_type=\"image.default\">\n\t\t\t\t<div class=\"elementor-widget-container\">\n\t\t\t<style>\/*! elementor - v3.21.0 - 25-04-2024 *\/\n.elementor-widget-image{text-align:center}.elementor-widget-image a{display:inline-block}.elementor-widget-image a img[src$=\".svg\"]{width:48px}.elementor-widget-image img{vertical-align:middle;display:inline-block}<\/style>\t\t\t\t\t\t\t\t\t\t<img fetchpriority=\"high\" decoding=\"async\" width=\"1024\" height=\"683\" src=\"https:\/\/tr.biotechslabs.com\/wp-content\/uploads\/2024\/03\/cosmet-1024x683.jpg\" class=\"attachment-large size-large wp-image-2568\" alt=\"\" srcset=\"https:\/\/tr.biotechslabs.com\/wp-content\/uploads\/2024\/03\/cosmet-1024x683.jpg 1024w, https:\/\/tr.biotechslabs.com\/wp-content\/uploads\/2024\/03\/cosmet-768x512.jpg 768w, https:\/\/tr.biotechslabs.com\/wp-content\/uploads\/2024\/03\/cosmet-640x427.jpg 640w, https:\/\/tr.biotechslabs.com\/wp-content\/uploads\/2024\/03\/cosmet-400x267.jpg 400w, https:\/\/tr.biotechslabs.com\/wp-content\/uploads\/2024\/03\/cosmet-367x245.jpg 367w\" sizes=\"(max-width: 1024px) 100vw, 1024px\" \/>\t\t\t\t\t\t\t\t\t\t\t\t\t<\/div>\n\t\t\t\t<\/div>\n\t\t\t\t\t<\/div>\r\n\t\t\t\t<\/div>\r\n\t\t\t\t\t<\/div>\r\n\t\t\t\t<\/section>\r\n\t\t\t\t<section class=\"elementor-section elementor-top-section elementor-element elementor-element-430309c elementor-hidden-desktop elementor-hidden-tablet elementor-hidden-mobile elementor-section-boxed elementor-section-height-default elementor-section-height-default\" data-id=\"430309c\" data-element_type=\"section\" data-settings=\"{&quot;background_background&quot;:&quot;classic&quot;}\">\r\n\t\t\r\n\t\t\t\t\t\t\t<div class=\"elementor-container elementor-column-gap-custom\">\r\n\t\t\t\t\t\t\t\t\t\t\t<div class=\"elementor-column elementor-col-50 elementor-top-column elementor-element elementor-element-bb6459f blog-wrapper\" data-id=\"bb6459f\" data-element_type=\"column\">\r\n\t\t\t\t\t<div class=\"elementor-widget-wrap elementor-element-populated\">\r\n\t\t\t\t\t\t\t\t<div class=\"elementor-element elementor-element-e3a7863 with-custom-underline mb-0 elementor-widget elementor-widget-heading\" data-id=\"e3a7863\" data-element_type=\"widget\" data-widget_type=\"heading.default\">\n\t\t\t\t<div class=\"elementor-widget-container\">\n\t\t\t<h2 class=\"elementor-heading-title elementor-size-default\">Latest News<\/h2>\t\t<\/div>\n\t\t\t\t<\/div>\n\t\t\t\t\t<\/div>\r\n\t\t\t\t<\/div>\r\n\t\t\t\t<div class=\"elementor-column elementor-col-50 elementor-top-column elementor-element elementor-element-521cfe1\" data-id=\"521cfe1\" data-element_type=\"column\">\r\n\t\t\t\t\t<div class=\"elementor-widget-wrap elementor-element-populated\">\r\n\t\t\t\t\t\t\t\t<div class=\"elementor-element elementor-element-bfaea6a with-custom-underline mb-0 elementor-widget elementor-widget-heading\" data-id=\"bfaea6a\" data-element_type=\"widget\" data-widget_type=\"heading.default\">\n\t\t\t\t<div class=\"elementor-widget-container\">\n\t\t\t<h2 class=\"elementor-heading-title elementor-size-default\">FAQ's<\/h2>\t\t<\/div>\n\t\t\t\t<\/div>\n\t\t\t\t<div class=\"elementor-element elementor-element-3094ab9 mt-5 elementor-widget elementor-widget-heading\" data-id=\"3094ab9\" data-element_type=\"widget\" data-widget_type=\"heading.default\">\n\t\t\t\t<div class=\"elementor-widget-container\">\n\t\t\t<p class=\"elementor-heading-title elementor-size-default\"><a href=\"#\">Read More<\/a><\/p>\t\t<\/div>\n\t\t\t\t<\/div>\n\t\t\t\t\t<\/div>\r\n\t\t\t\t<\/div>\r\n\t\t\t\t\t<\/div>\r\n\t\t\t\t<\/section>\r\n\t\t\t\t<\/div>\n\t\t","protected":false},"excerpt":{"rendered":"<p>Biotech Analiz Laboratuvarlar\u0131 Kozmetik \u00dcr\u00fcnlerde G\u00fcvenilirlik ve Kalite \u0130\u00e7in Uzman Analiz Hizmetleri Kozmetik ve ki\u015fisel bak\u0131m \u00fcr\u00fcnleri ile hammaddelerinin \u00fcretiminden t\u00fcketimine kadar t\u00fcm a\u015famalarda TS EN ISO\/IEC 17025 Laboratuvar y\u00f6netim esaslar\u0131na ve ulusal, uluslararas\u0131 kabul g\u00f6rm\u00fc\u015f analiz metotlar\u0131na ba\u011fl\u0131 olarak test ve analiz hizmetleri sunuyoruz. Ayr\u0131ca, kozmetik \u00fcr\u00fcnlerin g\u00fcvenlik de\u011ferlendirme dosyalar\u0131n\u0131 haz\u0131rlarken T\u00fcrkiye \u0130la\u00e7 ve [&hellip;]<\/p>\n","protected":false},"author":1,"featured_media":0,"parent":0,"menu_order":0,"comment_status":"closed","ping_status":"closed","template":"","meta":{"_joinchat":[],"footnotes":""},"class_list":["post-2591","page","type-page","status-publish","hentry"],"yoast_head":"<!-- This site is optimized with the Yoast SEO Premium plugin v22.0 (Yoast SEO v24.6) - https:\/\/yoast.com\/wordpress\/plugins\/seo\/ -->\n<title>Kozmetik Analizleri - Biotech<\/title>\n<meta name=\"description\" content=\"Kozmetik Analizleri - Biotech\" \/>\n<meta name=\"robots\" content=\"noindex, follow\" \/>\n<script type=\"application\/ld+json\" class=\"yoast-schema-graph\">{\"@context\":\"https:\/\/schema.org\",\"@graph\":[{\"@type\":\"WebPage\",\"@id\":\"https:\/\/tr.biotechslabs.com\/?page_id=2591\",\"url\":\"https:\/\/tr.biotechslabs.com\/?page_id=2591\",\"name\":\"Kozmetik Analizleri - Biotech\",\"isPartOf\":{\"@id\":\"https:\/\/tr.biotechslabs.com\/#website\"},\"primaryImageOfPage\":{\"@id\":\"https:\/\/tr.biotechslabs.com\/?page_id=2591#primaryimage\"},\"image\":{\"@id\":\"https:\/\/tr.biotechslabs.com\/?page_id=2591#primaryimage\"},\"thumbnailUrl\":\"https:\/\/tr.biotechslabs.com\/wp-content\/uploads\/2024\/03\/cosmet-1024x683.jpg\",\"datePublished\":\"2024-03-30T11:32:15+00:00\",\"dateModified\":\"2024-03-30T11:51:40+00:00\",\"description\":\"Kozmetik Analizleri - Biotech\",\"breadcrumb\":{\"@id\":\"https:\/\/tr.biotechslabs.com\/?page_id=2591#breadcrumb\"},\"inLanguage\":\"tr\",\"potentialAction\":[{\"@type\":\"ReadAction\",\"target\":[\"https:\/\/tr.biotechslabs.com\/?page_id=2591\"]}]},{\"@type\":\"ImageObject\",\"inLanguage\":\"tr\",\"@id\":\"https:\/\/tr.biotechslabs.com\/?page_id=2591#primaryimage\",\"url\":\"https:\/\/tr.biotechslabs.com\/wp-content\/uploads\/2024\/03\/cosmet-scaled.jpg\",\"contentUrl\":\"https:\/\/tr.biotechslabs.com\/wp-content\/uploads\/2024\/03\/cosmet-scaled.jpg\",\"width\":2560,\"height\":1707},{\"@type\":\"BreadcrumbList\",\"@id\":\"https:\/\/tr.biotechslabs.com\/?page_id=2591#breadcrumb\",\"itemListElement\":[{\"@type\":\"ListItem\",\"position\":1,\"name\":\"Anasayfa\",\"item\":\"https:\/\/tr.biotechslabs.com\/\"},{\"@type\":\"ListItem\",\"position\":2,\"name\":\"Kozmetik Analizleri\"}]},{\"@type\":\"WebSite\",\"@id\":\"https:\/\/tr.biotechslabs.com\/#website\",\"url\":\"https:\/\/tr.biotechslabs.com\/\",\"name\":\"Biotech\",\"description\":\"Analiz Laboratuvarlar\u0131\",\"publisher\":{\"@id\":\"https:\/\/tr.biotechslabs.com\/#organization\"},\"potentialAction\":[{\"@type\":\"SearchAction\",\"target\":{\"@type\":\"EntryPoint\",\"urlTemplate\":\"https:\/\/tr.biotechslabs.com\/?s={search_term_string}\"},\"query-input\":{\"@type\":\"PropertyValueSpecification\",\"valueRequired\":true,\"valueName\":\"search_term_string\"}}],\"inLanguage\":\"tr\"},{\"@type\":[\"Organization\",\"Place\",\"DiagnosticLab\"],\"@id\":\"https:\/\/tr.biotechslabs.com\/#organization\",\"name\":\"Biotech Analiz Laboratuvarlar\u0131\",\"alternateName\":\"Biotech\",\"url\":\"https:\/\/tr.biotechslabs.com\/\",\"logo\":{\"@id\":\"https:\/\/tr.biotechslabs.com\/?page_id=2591#local-main-organization-logo\"},\"image\":{\"@id\":\"https:\/\/tr.biotechslabs.com\/?page_id=2591#local-main-organization-logo\"},\"sameAs\":[\"https:\/\/x.com\/biotechslabs\",\"https:\/\/www.linkedin.com\/company\/biotechslabs\"],\"description\":\"Biotech Analiz Laboratuvarlar\u0131 G\u0131da Analizleri \u00c7evre Analizleri \u0130la\u00e7 Analizleri Tekstil Analizleri Kozmetik Analizleri\",\"legalName\":\"Biotech Analiz Laboratuvarlar\u0131\",\"foundingDate\":\"2023-01-01\",\"numberOfEmployees\":{\"@type\":\"QuantitativeValue\",\"minValue\":\"11\",\"maxValue\":\"50\"},\"address\":{\"@id\":\"https:\/\/tr.biotechslabs.com\/?page_id=2591#local-main-place-address\"},\"geo\":{\"@type\":\"GeoCoordinates\",\"latitude\":\"52.5264222\",\"longitude\":\"13.3498682\"},\"telephone\":[\"+902124380977\"],\"contactPoint\":{\"@type\":\"ContactPoint\",\"telephone\":\"+902124380977\"},\"openingHoursSpecification\":[{\"@type\":\"OpeningHoursSpecification\",\"dayOfWeek\":[\"Monday\",\"Tuesday\",\"Wednesday\",\"Thursday\",\"Friday\"],\"opens\":\"08:00\",\"closes\":\"18:00\"},{\"@type\":\"OpeningHoursSpecification\",\"dayOfWeek\":[\"Saturday\",\"Sunday\"],\"opens\":\"00:00\",\"closes\":\"00:00\"}],\"email\":\"info@biotechslabs.com\"},{\"@type\":\"PostalAddress\",\"@id\":\"https:\/\/tr.biotechslabs.com\/?page_id=2591#local-main-place-address\",\"streetAddress\":\"Turmstra\u00dfe 14\",\"addressLocality\":\"Berlin\",\"postalCode\":\"10559\",\"addressCountry\":\"DE\"},{\"@type\":\"ImageObject\",\"inLanguage\":\"tr\",\"@id\":\"https:\/\/tr.biotechslabs.com\/?page_id=2591#local-main-organization-logo\",\"url\":\"https:\/\/tr.biotechslabs.com\/wp-content\/uploads\/2024\/02\/biopng.png\",\"contentUrl\":\"https:\/\/tr.biotechslabs.com\/wp-content\/uploads\/2024\/02\/biopng.png\",\"width\":2344,\"height\":2052,\"caption\":\"Biotech Analiz Laboratuvarlar\u0131\"}]}<\/script>\n<meta name=\"geo.placename\" content=\"Berlin\" \/>\n<meta name=\"geo.position\" content=\"52.5264222;13.3498682\" \/>\n<meta name=\"geo.region\" content=\"Almanya\" \/>\n<!-- \/ Yoast SEO Premium plugin. -->","yoast_head_json":{"title":"Kozmetik Analizleri - Biotech","description":"Kozmetik Analizleri - Biotech","robots":{"index":"noindex","follow":"follow"},"schema":{"@context":"https:\/\/schema.org","@graph":[{"@type":"WebPage","@id":"https:\/\/tr.biotechslabs.com\/?page_id=2591","url":"https:\/\/tr.biotechslabs.com\/?page_id=2591","name":"Kozmetik Analizleri - Biotech","isPartOf":{"@id":"https:\/\/tr.biotechslabs.com\/#website"},"primaryImageOfPage":{"@id":"https:\/\/tr.biotechslabs.com\/?page_id=2591#primaryimage"},"image":{"@id":"https:\/\/tr.biotechslabs.com\/?page_id=2591#primaryimage"},"thumbnailUrl":"https:\/\/tr.biotechslabs.com\/wp-content\/uploads\/2024\/03\/cosmet-1024x683.jpg","datePublished":"2024-03-30T11:32:15+00:00","dateModified":"2024-03-30T11:51:40+00:00","description":"Kozmetik Analizleri - Biotech","breadcrumb":{"@id":"https:\/\/tr.biotechslabs.com\/?page_id=2591#breadcrumb"},"inLanguage":"tr","potentialAction":[{"@type":"ReadAction","target":["https:\/\/tr.biotechslabs.com\/?page_id=2591"]}]},{"@type":"ImageObject","inLanguage":"tr","@id":"https:\/\/tr.biotechslabs.com\/?page_id=2591#primaryimage","url":"https:\/\/tr.biotechslabs.com\/wp-content\/uploads\/2024\/03\/cosmet-scaled.jpg","contentUrl":"https:\/\/tr.biotechslabs.com\/wp-content\/uploads\/2024\/03\/cosmet-scaled.jpg","width":2560,"height":1707},{"@type":"BreadcrumbList","@id":"https:\/\/tr.biotechslabs.com\/?page_id=2591#breadcrumb","itemListElement":[{"@type":"ListItem","position":1,"name":"Anasayfa","item":"https:\/\/tr.biotechslabs.com\/"},{"@type":"ListItem","position":2,"name":"Kozmetik Analizleri"}]},{"@type":"WebSite","@id":"https:\/\/tr.biotechslabs.com\/#website","url":"https:\/\/tr.biotechslabs.com\/","name":"Biotech","description":"Analiz Laboratuvarlar\u0131","publisher":{"@id":"https:\/\/tr.biotechslabs.com\/#organization"},"potentialAction":[{"@type":"SearchAction","target":{"@type":"EntryPoint","urlTemplate":"https:\/\/tr.biotechslabs.com\/?s={search_term_string}"},"query-input":{"@type":"PropertyValueSpecification","valueRequired":true,"valueName":"search_term_string"}}],"inLanguage":"tr"},{"@type":["Organization","Place","DiagnosticLab"],"@id":"https:\/\/tr.biotechslabs.com\/#organization","name":"Biotech Analiz Laboratuvarlar\u0131","alternateName":"Biotech","url":"https:\/\/tr.biotechslabs.com\/","logo":{"@id":"https:\/\/tr.biotechslabs.com\/?page_id=2591#local-main-organization-logo"},"image":{"@id":"https:\/\/tr.biotechslabs.com\/?page_id=2591#local-main-organization-logo"},"sameAs":["https:\/\/x.com\/biotechslabs","https:\/\/www.linkedin.com\/company\/biotechslabs"],"description":"Biotech Analiz Laboratuvarlar\u0131 G\u0131da Analizleri \u00c7evre Analizleri \u0130la\u00e7 Analizleri Tekstil Analizleri Kozmetik Analizleri","legalName":"Biotech Analiz Laboratuvarlar\u0131","foundingDate":"2023-01-01","numberOfEmployees":{"@type":"QuantitativeValue","minValue":"11","maxValue":"50"},"address":{"@id":"https:\/\/tr.biotechslabs.com\/?page_id=2591#local-main-place-address"},"geo":{"@type":"GeoCoordinates","latitude":"52.5264222","longitude":"13.3498682"},"telephone":["+902124380977"],"contactPoint":{"@type":"ContactPoint","telephone":"+902124380977"},"openingHoursSpecification":[{"@type":"OpeningHoursSpecification","dayOfWeek":["Monday","Tuesday","Wednesday","Thursday","Friday"],"opens":"08:00","closes":"18:00"},{"@type":"OpeningHoursSpecification","dayOfWeek":["Saturday","Sunday"],"opens":"00:00","closes":"00:00"}],"email":"info@biotechslabs.com"},{"@type":"PostalAddress","@id":"https:\/\/tr.biotechslabs.com\/?page_id=2591#local-main-place-address","streetAddress":"Turmstra\u00dfe 14","addressLocality":"Berlin","postalCode":"10559","addressCountry":"DE"},{"@type":"ImageObject","inLanguage":"tr","@id":"https:\/\/tr.biotechslabs.com\/?page_id=2591#local-main-organization-logo","url":"https:\/\/tr.biotechslabs.com\/wp-content\/uploads\/2024\/02\/biopng.png","contentUrl":"https:\/\/tr.biotechslabs.com\/wp-content\/uploads\/2024\/02\/biopng.png","width":2344,"height":2052,"caption":"Biotech Analiz Laboratuvarlar\u0131"}]},"geo.placename":"Berlin","geo.position":{"lat":"52.5264222","long":"13.3498682"},"geo.region":"Almanya"},"_links":{"self":[{"href":"https:\/\/tr.biotechslabs.com\/index.php?rest_route=\/wp\/v2\/pages\/2591","targetHints":{"allow":["GET"]}}],"collection":[{"href":"https:\/\/tr.biotechslabs.com\/index.php?rest_route=\/wp\/v2\/pages"}],"about":[{"href":"https:\/\/tr.biotechslabs.com\/index.php?rest_route=\/wp\/v2\/types\/page"}],"author":[{"embeddable":true,"href":"https:\/\/tr.biotechslabs.com\/index.php?rest_route=\/wp\/v2\/users\/1"}],"replies":[{"embeddable":true,"href":"https:\/\/tr.biotechslabs.com\/index.php?rest_route=%2Fwp%2Fv2%2Fcomments&post=2591"}],"version-history":[{"count":5,"href":"https:\/\/tr.biotechslabs.com\/index.php?rest_route=\/wp\/v2\/pages\/2591\/revisions"}],"predecessor-version":[{"id":2606,"href":"https:\/\/tr.biotechslabs.com\/index.php?rest_route=\/wp\/v2\/pages\/2591\/revisions\/2606"}],"wp:attachment":[{"href":"https:\/\/tr.biotechslabs.com\/index.php?rest_route=%2Fwp%2Fv2%2Fmedia&parent=2591"}],"curies":[{"name":"wp","href":"https:\/\/api.w.org\/{rel}","templated":true}]}}