{"id":2600,"date":"2024-03-30T14:47:01","date_gmt":"2024-03-30T11:47:01","guid":{"rendered":"https:\/\/tr.biotechslabs.com\/?page_id=2600"},"modified":"2024-03-30T14:55:29","modified_gmt":"2024-03-30T11:55:29","slug":"gida-analizleri","status":"publish","type":"page","link":"https:\/\/tr.biotechslabs.com\/?page_id=2600","title":{"rendered":"G\u0131da Analizleri"},"content":{"rendered":"\t\t<div data-elementor-type=\"wp-page\" data-elementor-id=\"2600\" class=\"elementor elementor-2600\" data-elementor-post-type=\"page\">\n\t\t\t\t\t\t<section class=\"elementor-section elementor-top-section elementor-element elementor-element-cc3aa73 elementor-section-boxed elementor-section-height-default elementor-section-height-default\" data-id=\"cc3aa73\" data-element_type=\"section\">\r\n\t\t\r\n\t\t\t\t\t\t\t<div class=\"elementor-container elementor-column-gap-custom\">\r\n\t\t\t\t\t\t\t\t\t\t\t<div class=\"elementor-column elementor-col-50 elementor-top-column elementor-element elementor-element-c0a41b0\" data-id=\"c0a41b0\" data-element_type=\"column\">\r\n\t\t\t\t\t<div class=\"elementor-widget-wrap elementor-element-populated\">\r\n\t\t\t\t\t\t\t\t<div class=\"elementor-element elementor-element-baa6a72 mb-4 elementor-widget elementor-widget-heading\" data-id=\"baa6a72\" data-element_type=\"widget\" data-widget_type=\"heading.default\">\n\t\t\t\t<div class=\"elementor-widget-container\">\n\t\t\t<style>\/*! elementor - v3.21.0 - 25-04-2024 *\/\n.elementor-heading-title{padding:0;margin:0;line-height:1}.elementor-widget-heading .elementor-heading-title[class*=elementor-size-]>a{color:inherit;font-size:inherit;line-height:inherit}.elementor-widget-heading .elementor-heading-title.elementor-size-small{font-size:15px}.elementor-widget-heading .elementor-heading-title.elementor-size-medium{font-size:19px}.elementor-widget-heading .elementor-heading-title.elementor-size-large{font-size:29px}.elementor-widget-heading .elementor-heading-title.elementor-size-xl{font-size:39px}.elementor-widget-heading .elementor-heading-title.elementor-size-xxl{font-size:59px}<\/style><h4 class=\"elementor-heading-title elementor-size-default\"><b>G\u0131da Laboratuvar Analizleri<\/b><br> Sa\u011fl\u0131k ve Toplum i\u00e7in \u00d6ncelik<\/h4>\t\t<\/div>\n\t\t\t\t<\/div>\n\t\t\t\t<div class=\"elementor-element elementor-element-754e57f anim-text mb-0 elementor-widget elementor-widget-heading\" data-id=\"754e57f\" data-element_type=\"widget\" data-widget_type=\"heading.default\">\n\t\t\t\t<div class=\"elementor-widget-container\">\n\t\t\t<p class=\"elementor-heading-title elementor-size-default\">Geleneksel g\u0131da i\u015fleme ve t\u00fcketim yakla\u015f\u0131mlar\u0131n\u0131n yerini, hem t\u00fcketicilerin bilin\u00e7lenmesinin artmas\u0131 hem de \u00fclkelerin g\u0131da yasalar\u0131n\u0131 sa\u011fl\u0131kl\u0131 ve g\u00fcvenli g\u0131da \u00fcretimi do\u011frultusunda g\u00fcncellemesiyle birlikte \u00f6nemli de\u011fi\u015fimler alm\u0131\u015ft\u0131r. Bu de\u011fi\u015fimler, son y\u0131llar\u0131n en \u00f6nemli toplumsal konular\u0131ndan biri olan G\u0131da G\u00fcvenli\u011fi kavram\u0131n\u0131 daha da \u00f6ne \u00e7\u0131karm\u0131\u015ft\u0131r.\n\nG\u0131da G\u00fcvenli\u011fi, sadece g\u0131dalar\u0131n amac\u0131na uygun haz\u0131rlanmas\u0131 ve t\u00fcketiciye zarar vermemesi olarak dar bir \u00e7er\u00e7eveden de\u011fil, ayn\u0131 zamanda g\u0131da kaynakl\u0131 hastal\u0131klar\u0131 \u00f6nlemeyi hedefleyen geni\u015f bir sistem d\u00f6ng\u00fcs\u00fcn\u00fc ifade eder. Bu kapsamda, biyolojik, fiziksel ve kimyasal etkenlerin g\u0131da \u00fcretimi, i\u015flenmesi, depolanmas\u0131 ve t\u00fcketiciye sunulmas\u0131 s\u00fcre\u00e7lerinde \u00f6nlenmesi ve kontrol edilmesi esast\u0131r. G\u00fcvenli g\u0131da ise her t\u00fcrl\u00fc bozulma ve bula\u015fmadan ar\u0131nd\u0131r\u0131larak, t\u00fcketime uygun hale getirilmi\u015f g\u0131dad\u0131r. Bu anlamda, g\u0131da g\u00fcvenli\u011fi sadece bireysel sa\u011fl\u0131k i\u00e7in de\u011fil, ayn\u0131 zamanda toplum sa\u011fl\u0131\u011f\u0131 ve ekonomik refah i\u00e7in de kritik \u00f6neme sahiptir.\n\n<\/p>\t\t<\/div>\n\t\t\t\t<\/div>\n\t\t\t\t\t<\/div>\r\n\t\t\t\t<\/div>\r\n\t\t\t\t<div class=\"elementor-column elementor-col-50 elementor-top-column elementor-element elementor-element-048a644\" data-id=\"048a644\" data-element_type=\"column\">\r\n\t\t\t\t\t<div class=\"elementor-widget-wrap elementor-element-populated\">\r\n\t\t\t\t\t\t\t\t<div class=\"elementor-element elementor-element-367c2bc elementor-widget elementor-widget-image\" data-id=\"367c2bc\" data-element_type=\"widget\" data-widget_type=\"image.default\">\n\t\t\t\t<div class=\"elementor-widget-container\">\n\t\t\t<style>\/*! elementor - v3.21.0 - 25-04-2024 *\/\n.elementor-widget-image{text-align:center}.elementor-widget-image a{display:inline-block}.elementor-widget-image a img[src$=\".svg\"]{width:48px}.elementor-widget-image img{vertical-align:middle;display:inline-block}<\/style>\t\t\t\t\t\t\t\t\t\t<img fetchpriority=\"high\" decoding=\"async\" width=\"640\" height=\"480\" src=\"https:\/\/tr.biotechslabs.com\/wp-content\/uploads\/2024\/03\/gida-640x480.jpg\" class=\"attachment-blog-grid size-blog-grid wp-image-2604\" alt=\"\" srcset=\"https:\/\/tr.biotechslabs.com\/wp-content\/uploads\/2024\/03\/gida-640x480.jpg 640w, https:\/\/tr.biotechslabs.com\/wp-content\/uploads\/2024\/03\/gida-463x348.jpg 463w, https:\/\/tr.biotechslabs.com\/wp-content\/uploads\/2024\/03\/gida-400x300.jpg 400w\" sizes=\"(max-width: 640px) 100vw, 640px\" \/>\t\t\t\t\t\t\t\t\t\t\t\t\t<\/div>\n\t\t\t\t<\/div>\n\t\t\t\t\t<\/div>\r\n\t\t\t\t<\/div>\r\n\t\t\t\t\t<\/div>\r\n\t\t\t\t<\/section>\r\n\t\t\t\t<section class=\"elementor-section elementor-top-section elementor-element elementor-element-430309c elementor-hidden-desktop elementor-hidden-tablet elementor-hidden-mobile elementor-section-boxed elementor-section-height-default elementor-section-height-default\" data-id=\"430309c\" data-element_type=\"section\" data-settings=\"{&quot;background_background&quot;:&quot;classic&quot;}\">\r\n\t\t\r\n\t\t\t\t\t\t\t<div class=\"elementor-container elementor-column-gap-custom\">\r\n\t\t\t\t\t\t\t\t\t\t\t<div class=\"elementor-column elementor-col-50 elementor-top-column elementor-element elementor-element-bb6459f blog-wrapper\" data-id=\"bb6459f\" data-element_type=\"column\">\r\n\t\t\t\t\t<div class=\"elementor-widget-wrap elementor-element-populated\">\r\n\t\t\t\t\t\t\t\t<div class=\"elementor-element elementor-element-e3a7863 with-custom-underline mb-0 elementor-widget elementor-widget-heading\" data-id=\"e3a7863\" data-element_type=\"widget\" data-widget_type=\"heading.default\">\n\t\t\t\t<div class=\"elementor-widget-container\">\n\t\t\t<h2 class=\"elementor-heading-title elementor-size-default\">Latest News<\/h2>\t\t<\/div>\n\t\t\t\t<\/div>\n\t\t\t\t\t<\/div>\r\n\t\t\t\t<\/div>\r\n\t\t\t\t<div class=\"elementor-column elementor-col-50 elementor-top-column elementor-element elementor-element-521cfe1\" data-id=\"521cfe1\" data-element_type=\"column\">\r\n\t\t\t\t\t<div class=\"elementor-widget-wrap elementor-element-populated\">\r\n\t\t\t\t\t\t\t\t<div class=\"elementor-element elementor-element-bfaea6a with-custom-underline mb-0 elementor-widget elementor-widget-heading\" data-id=\"bfaea6a\" data-element_type=\"widget\" data-widget_type=\"heading.default\">\n\t\t\t\t<div class=\"elementor-widget-container\">\n\t\t\t<h2 class=\"elementor-heading-title elementor-size-default\">FAQ's<\/h2>\t\t<\/div>\n\t\t\t\t<\/div>\n\t\t\t\t<div class=\"elementor-element elementor-element-3094ab9 mt-5 elementor-widget elementor-widget-heading\" data-id=\"3094ab9\" data-element_type=\"widget\" data-widget_type=\"heading.default\">\n\t\t\t\t<div class=\"elementor-widget-container\">\n\t\t\t<p class=\"elementor-heading-title elementor-size-default\"><a href=\"#\">Read More<\/a><\/p>\t\t<\/div>\n\t\t\t\t<\/div>\n\t\t\t\t\t<\/div>\r\n\t\t\t\t<\/div>\r\n\t\t\t\t\t<\/div>\r\n\t\t\t\t<\/section>\r\n\t\t\t\t<\/div>\n\t\t","protected":false},"excerpt":{"rendered":"<p>G\u0131da Laboratuvar Analizleri Sa\u011fl\u0131k ve Toplum i\u00e7in \u00d6ncelik Geleneksel g\u0131da i\u015fleme ve t\u00fcketim yakla\u015f\u0131mlar\u0131n\u0131n yerini, hem t\u00fcketicilerin bilin\u00e7lenmesinin artmas\u0131 hem de \u00fclkelerin g\u0131da yasalar\u0131n\u0131 sa\u011fl\u0131kl\u0131 ve g\u00fcvenli g\u0131da \u00fcretimi do\u011frultusunda g\u00fcncellemesiyle birlikte \u00f6nemli de\u011fi\u015fimler alm\u0131\u015ft\u0131r. Bu de\u011fi\u015fimler, son y\u0131llar\u0131n en \u00f6nemli toplumsal konular\u0131ndan biri olan G\u0131da G\u00fcvenli\u011fi kavram\u0131n\u0131 daha da \u00f6ne \u00e7\u0131karm\u0131\u015ft\u0131r. G\u0131da G\u00fcvenli\u011fi, sadece [&hellip;]<\/p>\n","protected":false},"author":1,"featured_media":0,"parent":0,"menu_order":0,"comment_status":"closed","ping_status":"closed","template":"","meta":{"_joinchat":[],"footnotes":""},"class_list":["post-2600","page","type-page","status-publish","hentry"],"yoast_head":"<!-- This site is optimized with the Yoast SEO Premium plugin v22.0 (Yoast SEO v24.6) - https:\/\/yoast.com\/wordpress\/plugins\/seo\/ -->\n<title>G\u0131da Analizleri - Biotech<\/title>\n<meta name=\"description\" content=\"G\u0131da Analizleri - Biotech\" \/>\n<meta name=\"robots\" content=\"noindex, follow\" \/>\n<script type=\"application\/ld+json\" class=\"yoast-schema-graph\">{\"@context\":\"https:\/\/schema.org\",\"@graph\":[{\"@type\":\"WebPage\",\"@id\":\"https:\/\/tr.biotechslabs.com\/?page_id=2600\",\"url\":\"https:\/\/tr.biotechslabs.com\/?page_id=2600\",\"name\":\"G\u0131da Analizleri - Biotech\",\"isPartOf\":{\"@id\":\"https:\/\/tr.biotechslabs.com\/#website\"},\"primaryImageOfPage\":{\"@id\":\"https:\/\/tr.biotechslabs.com\/?page_id=2600#primaryimage\"},\"image\":{\"@id\":\"https:\/\/tr.biotechslabs.com\/?page_id=2600#primaryimage\"},\"thumbnailUrl\":\"https:\/\/tr.biotechslabs.com\/wp-content\/uploads\/2024\/03\/gida-640x480.jpg\",\"datePublished\":\"2024-03-30T11:47:01+00:00\",\"dateModified\":\"2024-03-30T11:55:29+00:00\",\"description\":\"G\u0131da Analizleri - Biotech\",\"breadcrumb\":{\"@id\":\"https:\/\/tr.biotechslabs.com\/?page_id=2600#breadcrumb\"},\"inLanguage\":\"tr\",\"potentialAction\":[{\"@type\":\"ReadAction\",\"target\":[\"https:\/\/tr.biotechslabs.com\/?page_id=2600\"]}]},{\"@type\":\"ImageObject\",\"inLanguage\":\"tr\",\"@id\":\"https:\/\/tr.biotechslabs.com\/?page_id=2600#primaryimage\",\"url\":\"https:\/\/tr.biotechslabs.com\/wp-content\/uploads\/2024\/03\/gida-scaled.jpg\",\"contentUrl\":\"https:\/\/tr.biotechslabs.com\/wp-content\/uploads\/2024\/03\/gida-scaled.jpg\",\"width\":1707,\"height\":2560},{\"@type\":\"BreadcrumbList\",\"@id\":\"https:\/\/tr.biotechslabs.com\/?page_id=2600#breadcrumb\",\"itemListElement\":[{\"@type\":\"ListItem\",\"position\":1,\"name\":\"Anasayfa\",\"item\":\"https:\/\/tr.biotechslabs.com\/\"},{\"@type\":\"ListItem\",\"position\":2,\"name\":\"G\u0131da Analizleri\"}]},{\"@type\":\"WebSite\",\"@id\":\"https:\/\/tr.biotechslabs.com\/#website\",\"url\":\"https:\/\/tr.biotechslabs.com\/\",\"name\":\"Biotech\",\"description\":\"Analiz Laboratuvarlar\u0131\",\"publisher\":{\"@id\":\"https:\/\/tr.biotechslabs.com\/#organization\"},\"potentialAction\":[{\"@type\":\"SearchAction\",\"target\":{\"@type\":\"EntryPoint\",\"urlTemplate\":\"https:\/\/tr.biotechslabs.com\/?s={search_term_string}\"},\"query-input\":{\"@type\":\"PropertyValueSpecification\",\"valueRequired\":true,\"valueName\":\"search_term_string\"}}],\"inLanguage\":\"tr\"},{\"@type\":[\"Organization\",\"Place\",\"DiagnosticLab\"],\"@id\":\"https:\/\/tr.biotechslabs.com\/#organization\",\"name\":\"Biotech Analiz Laboratuvarlar\u0131\",\"alternateName\":\"Biotech\",\"url\":\"https:\/\/tr.biotechslabs.com\/\",\"logo\":{\"@id\":\"https:\/\/tr.biotechslabs.com\/?page_id=2600#local-main-organization-logo\"},\"image\":{\"@id\":\"https:\/\/tr.biotechslabs.com\/?page_id=2600#local-main-organization-logo\"},\"sameAs\":[\"https:\/\/x.com\/biotechslabs\",\"https:\/\/www.linkedin.com\/company\/biotechslabs\"],\"description\":\"Biotech Analiz Laboratuvarlar\u0131 G\u0131da Analizleri \u00c7evre Analizleri \u0130la\u00e7 Analizleri Tekstil Analizleri Kozmetik Analizleri\",\"legalName\":\"Biotech Analiz Laboratuvarlar\u0131\",\"foundingDate\":\"2023-01-01\",\"numberOfEmployees\":{\"@type\":\"QuantitativeValue\",\"minValue\":\"11\",\"maxValue\":\"50\"},\"address\":{\"@id\":\"https:\/\/tr.biotechslabs.com\/?page_id=2600#local-main-place-address\"},\"geo\":{\"@type\":\"GeoCoordinates\",\"latitude\":\"52.5264222\",\"longitude\":\"13.3498682\"},\"telephone\":[\"+902124380977\"],\"contactPoint\":{\"@type\":\"ContactPoint\",\"telephone\":\"+902124380977\"},\"openingHoursSpecification\":[{\"@type\":\"OpeningHoursSpecification\",\"dayOfWeek\":[\"Monday\",\"Tuesday\",\"Wednesday\",\"Thursday\",\"Friday\"],\"opens\":\"08:00\",\"closes\":\"18:00\"},{\"@type\":\"OpeningHoursSpecification\",\"dayOfWeek\":[\"Saturday\",\"Sunday\"],\"opens\":\"00:00\",\"closes\":\"00:00\"}],\"email\":\"info@biotechslabs.com\"},{\"@type\":\"PostalAddress\",\"@id\":\"https:\/\/tr.biotechslabs.com\/?page_id=2600#local-main-place-address\",\"streetAddress\":\"Turmstra\u00dfe 14\",\"addressLocality\":\"Berlin\",\"postalCode\":\"10559\",\"addressCountry\":\"DE\"},{\"@type\":\"ImageObject\",\"inLanguage\":\"tr\",\"@id\":\"https:\/\/tr.biotechslabs.com\/?page_id=2600#local-main-organization-logo\",\"url\":\"https:\/\/tr.biotechslabs.com\/wp-content\/uploads\/2024\/02\/biopng.png\",\"contentUrl\":\"https:\/\/tr.biotechslabs.com\/wp-content\/uploads\/2024\/02\/biopng.png\",\"width\":2344,\"height\":2052,\"caption\":\"Biotech Analiz Laboratuvarlar\u0131\"}]}<\/script>\n<meta name=\"geo.placename\" content=\"Berlin\" \/>\n<meta name=\"geo.position\" content=\"52.5264222;13.3498682\" \/>\n<meta name=\"geo.region\" content=\"Almanya\" \/>\n<!-- \/ Yoast SEO Premium plugin. -->","yoast_head_json":{"title":"G\u0131da Analizleri - Biotech","description":"G\u0131da Analizleri - Biotech","robots":{"index":"noindex","follow":"follow"},"schema":{"@context":"https:\/\/schema.org","@graph":[{"@type":"WebPage","@id":"https:\/\/tr.biotechslabs.com\/?page_id=2600","url":"https:\/\/tr.biotechslabs.com\/?page_id=2600","name":"G\u0131da Analizleri - Biotech","isPartOf":{"@id":"https:\/\/tr.biotechslabs.com\/#website"},"primaryImageOfPage":{"@id":"https:\/\/tr.biotechslabs.com\/?page_id=2600#primaryimage"},"image":{"@id":"https:\/\/tr.biotechslabs.com\/?page_id=2600#primaryimage"},"thumbnailUrl":"https:\/\/tr.biotechslabs.com\/wp-content\/uploads\/2024\/03\/gida-640x480.jpg","datePublished":"2024-03-30T11:47:01+00:00","dateModified":"2024-03-30T11:55:29+00:00","description":"G\u0131da Analizleri - Biotech","breadcrumb":{"@id":"https:\/\/tr.biotechslabs.com\/?page_id=2600#breadcrumb"},"inLanguage":"tr","potentialAction":[{"@type":"ReadAction","target":["https:\/\/tr.biotechslabs.com\/?page_id=2600"]}]},{"@type":"ImageObject","inLanguage":"tr","@id":"https:\/\/tr.biotechslabs.com\/?page_id=2600#primaryimage","url":"https:\/\/tr.biotechslabs.com\/wp-content\/uploads\/2024\/03\/gida-scaled.jpg","contentUrl":"https:\/\/tr.biotechslabs.com\/wp-content\/uploads\/2024\/03\/gida-scaled.jpg","width":1707,"height":2560},{"@type":"BreadcrumbList","@id":"https:\/\/tr.biotechslabs.com\/?page_id=2600#breadcrumb","itemListElement":[{"@type":"ListItem","position":1,"name":"Anasayfa","item":"https:\/\/tr.biotechslabs.com\/"},{"@type":"ListItem","position":2,"name":"G\u0131da Analizleri"}]},{"@type":"WebSite","@id":"https:\/\/tr.biotechslabs.com\/#website","url":"https:\/\/tr.biotechslabs.com\/","name":"Biotech","description":"Analiz Laboratuvarlar\u0131","publisher":{"@id":"https:\/\/tr.biotechslabs.com\/#organization"},"potentialAction":[{"@type":"SearchAction","target":{"@type":"EntryPoint","urlTemplate":"https:\/\/tr.biotechslabs.com\/?s={search_term_string}"},"query-input":{"@type":"PropertyValueSpecification","valueRequired":true,"valueName":"search_term_string"}}],"inLanguage":"tr"},{"@type":["Organization","Place","DiagnosticLab"],"@id":"https:\/\/tr.biotechslabs.com\/#organization","name":"Biotech Analiz Laboratuvarlar\u0131","alternateName":"Biotech","url":"https:\/\/tr.biotechslabs.com\/","logo":{"@id":"https:\/\/tr.biotechslabs.com\/?page_id=2600#local-main-organization-logo"},"image":{"@id":"https:\/\/tr.biotechslabs.com\/?page_id=2600#local-main-organization-logo"},"sameAs":["https:\/\/x.com\/biotechslabs","https:\/\/www.linkedin.com\/company\/biotechslabs"],"description":"Biotech Analiz Laboratuvarlar\u0131 G\u0131da Analizleri \u00c7evre Analizleri \u0130la\u00e7 Analizleri Tekstil Analizleri Kozmetik Analizleri","legalName":"Biotech Analiz Laboratuvarlar\u0131","foundingDate":"2023-01-01","numberOfEmployees":{"@type":"QuantitativeValue","minValue":"11","maxValue":"50"},"address":{"@id":"https:\/\/tr.biotechslabs.com\/?page_id=2600#local-main-place-address"},"geo":{"@type":"GeoCoordinates","latitude":"52.5264222","longitude":"13.3498682"},"telephone":["+902124380977"],"contactPoint":{"@type":"ContactPoint","telephone":"+902124380977"},"openingHoursSpecification":[{"@type":"OpeningHoursSpecification","dayOfWeek":["Monday","Tuesday","Wednesday","Thursday","Friday"],"opens":"08:00","closes":"18:00"},{"@type":"OpeningHoursSpecification","dayOfWeek":["Saturday","Sunday"],"opens":"00:00","closes":"00:00"}],"email":"info@biotechslabs.com"},{"@type":"PostalAddress","@id":"https:\/\/tr.biotechslabs.com\/?page_id=2600#local-main-place-address","streetAddress":"Turmstra\u00dfe 14","addressLocality":"Berlin","postalCode":"10559","addressCountry":"DE"},{"@type":"ImageObject","inLanguage":"tr","@id":"https:\/\/tr.biotechslabs.com\/?page_id=2600#local-main-organization-logo","url":"https:\/\/tr.biotechslabs.com\/wp-content\/uploads\/2024\/02\/biopng.png","contentUrl":"https:\/\/tr.biotechslabs.com\/wp-content\/uploads\/2024\/02\/biopng.png","width":2344,"height":2052,"caption":"Biotech Analiz Laboratuvarlar\u0131"}]},"geo.placename":"Berlin","geo.position":{"lat":"52.5264222","long":"13.3498682"},"geo.region":"Almanya"},"_links":{"self":[{"href":"https:\/\/tr.biotechslabs.com\/index.php?rest_route=\/wp\/v2\/pages\/2600","targetHints":{"allow":["GET"]}}],"collection":[{"href":"https:\/\/tr.biotechslabs.com\/index.php?rest_route=\/wp\/v2\/pages"}],"about":[{"href":"https:\/\/tr.biotechslabs.com\/index.php?rest_route=\/wp\/v2\/types\/page"}],"author":[{"embeddable":true,"href":"https:\/\/tr.biotechslabs.com\/index.php?rest_route=\/wp\/v2\/users\/1"}],"replies":[{"embeddable":true,"href":"https:\/\/tr.biotechslabs.com\/index.php?rest_route=%2Fwp%2Fv2%2Fcomments&post=2600"}],"version-history":[{"count":6,"href":"https:\/\/tr.biotechslabs.com\/index.php?rest_route=\/wp\/v2\/pages\/2600\/revisions"}],"predecessor-version":[{"id":2613,"href":"https:\/\/tr.biotechslabs.com\/index.php?rest_route=\/wp\/v2\/pages\/2600\/revisions\/2613"}],"wp:attachment":[{"href":"https:\/\/tr.biotechslabs.com\/index.php?rest_route=%2Fwp%2Fv2%2Fmedia&parent=2600"}],"curies":[{"name":"wp","href":"https:\/\/api.w.org\/{rel}","templated":true}]}}